{"id":109,"date":"2017-12-13T08:38:46","date_gmt":"2017-12-13T08:38:46","guid":{"rendered":"http:\/\/florencelucchini.com\/index.php\/contact\/"},"modified":"2026-01-29T22:28:06","modified_gmt":"2026-01-29T21:28:06","slug":"contact","status":"publish","type":"page","link":"https:\/\/florencelucchini.com\/index.php\/contact\/","title":{"rendered":"L&rsquo;atelier-boutique"},"content":{"rendered":"\t\t<div data-elementor-type=\"wp-post\" data-elementor-id=\"109\" class=\"elementor elementor-109\">\n\t\t\t\t\t\t<section class=\"elementor-section elementor-top-section elementor-element elementor-element-fa00d0b elementor-section-boxed elementor-section-height-default elementor-section-height-default\" data-id=\"fa00d0b\" data-element_type=\"section\" data-e-type=\"section\">\n\t\t\t\t\t\t<div class=\"elementor-container elementor-column-gap-default\">\n\t\t\t\t\t<div class=\"elementor-column elementor-col-100 elementor-top-column elementor-element elementor-element-bf586db\" data-id=\"bf586db\" data-element_type=\"column\" data-e-type=\"column\">\n\t\t\t<div class=\"elementor-widget-wrap elementor-element-populated\">\n\t\t\t\t\t\t<div class=\"elementor-element elementor-element-3f021ef elementor-widget elementor-widget-spacer\" data-id=\"3f021ef\" data-element_type=\"widget\" data-e-type=\"widget\" data-widget_type=\"spacer.default\">\n\t\t\t\t<div class=\"elementor-widget-container\">\n\t\t\t\t\t\t\t<div class=\"elementor-spacer\">\n\t\t\t<div class=\"elementor-spacer-inner\"><\/div>\n\t\t<\/div>\n\t\t\t\t\t\t<\/div>\n\t\t\t\t<\/div>\n\t\t\t\t\t<\/div>\n\t\t<\/div>\n\t\t\t\t\t<\/div>\n\t\t<\/section>\n\t\t\t\t<section class=\"elementor-section elementor-top-section elementor-element elementor-element-476a0cd elementor-section-boxed elementor-section-height-default elementor-section-height-default\" data-id=\"476a0cd\" data-element_type=\"section\" data-e-type=\"section\" data-settings=\"{&quot;background_background&quot;:&quot;classic&quot;}\">\n\t\t\t\t\t\t<div class=\"elementor-container elementor-column-gap-default\">\n\t\t\t\t\t<div class=\"elementor-column elementor-col-100 elementor-top-column elementor-element elementor-element-d9b6726\" data-id=\"d9b6726\" data-element_type=\"column\" data-e-type=\"column\">\n\t\t\t<div class=\"elementor-widget-wrap elementor-element-populated\">\n\t\t\t\t\t\t<div class=\"elementor-element elementor-element-32d4062 elementor-widget elementor-widget-image\" data-id=\"32d4062\" data-element_type=\"widget\" data-e-type=\"widget\" data-widget_type=\"image.default\">\n\t\t\t\t<div class=\"elementor-widget-container\">\n\t\t\t\t\t\t\t\t\t\t\t\t\t\t\t<img decoding=\"async\" width=\"250\" height=\"119\" src=\"https:\/\/florencelucchini.com\/wp-content\/uploads\/2020\/11\/logo_web.gif\" class=\"attachment-medium size-medium wp-image-612\" alt=\"\" \/>\t\t\t\t\t\t\t\t\t\t\t\t\t\t\t<\/div>\n\t\t\t\t<\/div>\n\t\t\t\t<div class=\"elementor-element elementor-element-0ee483d elementor-widget elementor-widget-text-editor\" data-id=\"0ee483d\" data-element_type=\"widget\" data-e-type=\"widget\" data-widget_type=\"text-editor.default\">\n\t\t\t\t<div class=\"elementor-widget-container\">\n\t\t\t\t\t\t\t\t\t<p>Venez me rencontrer directement \u00e0 mon atelier-boutique situ\u00e9 en plein c\u0153ur du village d&rsquo;Eygui\u00e8res, au pied des Alpilles. C&rsquo;est avec plaisir que je vous montrerai. mon espace de travail ainsi qu&rsquo;une s\u00e9lection de pi\u00e8ces \u00e0 la vente.<\/p><p><span style=\"font-size: 15px;\">Je vous invite \u00e0 me contacter <a href=\"https:\/\/florencelucchini.com\/index.php\/contact-2\/\">par mail<\/a> ou par t\u00e9l\u00e9phone pour prendre rendez-vous.<\/span><span style=\"font-size: 15px;\"><br \/><\/span><\/p>\t\t\t\t\t\t\t\t<\/div>\n\t\t\t\t<\/div>\n\t\t\t\t\t<\/div>\n\t\t<\/div>\n\t\t\t\t\t<\/div>\n\t\t<\/section>\n\t\t\t\t<section class=\"elementor-section elementor-top-section elementor-element elementor-element-fae5fb9 elementor-section-boxed elementor-section-height-default elementor-section-height-default\" data-id=\"fae5fb9\" data-element_type=\"section\" data-e-type=\"section\" data-settings=\"{&quot;background_background&quot;:&quot;gradient&quot;}\">\n\t\t\t\t\t\t<div class=\"elementor-container elementor-column-gap-default\">\n\t\t\t\t\t<div class=\"elementor-column elementor-col-100 elementor-top-column elementor-element elementor-element-357ba4e\" data-id=\"357ba4e\" data-element_type=\"column\" data-e-type=\"column\">\n\t\t\t<div class=\"elementor-widget-wrap elementor-element-populated\">\n\t\t\t\t\t\t<div class=\"elementor-element elementor-element-ca8a6b3 elementor-widget-divider--view-line elementor-widget elementor-widget-divider\" data-id=\"ca8a6b3\" data-element_type=\"widget\" data-e-type=\"widget\" data-widget_type=\"divider.default\">\n\t\t\t\t<div class=\"elementor-widget-container\">\n\t\t\t\t\t\t\t<div class=\"elementor-divider\">\n\t\t\t<span class=\"elementor-divider-separator\">\n\t\t\t\t\t\t<\/span>\n\t\t<\/div>\n\t\t\t\t\t\t<\/div>\n\t\t\t\t<\/div>\n\t\t\t\t<div class=\"elementor-element elementor-element-ae54276 elementor-widget elementor-widget-heading\" data-id=\"ae54276\" data-element_type=\"widget\" data-e-type=\"widget\" data-widget_type=\"heading.default\">\n\t\t\t\t<div class=\"elementor-widget-container\">\n\t\t\t\t\t<h4 class=\"elementor-heading-title elementor-size-default\">41 Faubourg Reyre - 13430 Eygui\u00e8res<\/h4>\t\t\t\t<\/div>\n\t\t\t\t<\/div>\n\t\t\t\t<div class=\"elementor-element elementor-element-f098e1b elementor-widget elementor-widget-heading\" data-id=\"f098e1b\" data-element_type=\"widget\" data-e-type=\"widget\" data-widget_type=\"heading.default\">\n\t\t\t\t<div class=\"elementor-widget-container\">\n\t\t\t\t\t<h4 class=\"elementor-heading-title elementor-size-default\"><a href=\"tel:0611165176\">T\u00e9l. : 06 11 16 51 76<\/a><\/h4>\t\t\t\t<\/div>\n\t\t\t\t<\/div>\n\t\t\t\t<div class=\"elementor-element elementor-element-0287ba5 elementor-widget-divider--view-line elementor-widget elementor-widget-divider\" data-id=\"0287ba5\" data-element_type=\"widget\" data-e-type=\"widget\" data-widget_type=\"divider.default\">\n\t\t\t\t<div class=\"elementor-widget-container\">\n\t\t\t\t\t\t\t<div class=\"elementor-divider\">\n\t\t\t<span class=\"elementor-divider-separator\">\n\t\t\t\t\t\t<\/span>\n\t\t<\/div>\n\t\t\t\t\t\t<\/div>\n\t\t\t\t<\/div>\n\t\t\t\t\t<\/div>\n\t\t<\/div>\n\t\t\t\t\t<\/div>\n\t\t<\/section>\n\t\t\t\t<section class=\"elementor-section elementor-top-section elementor-element elementor-element-2d7c5df elementor-section-content-middle elementor-section-boxed elementor-section-height-default elementor-section-height-default\" data-id=\"2d7c5df\" data-element_type=\"section\" data-e-type=\"section\">\n\t\t\t\t\t\t<div class=\"elementor-container elementor-column-gap-default\">\n\t\t\t\t\t<div class=\"elementor-column elementor-col-100 elementor-top-column elementor-element elementor-element-1489e35\" data-id=\"1489e35\" data-element_type=\"column\" data-e-type=\"column\">\n\t\t\t<div class=\"elementor-widget-wrap elementor-element-populated\">\n\t\t\t\t\t\t<div class=\"elementor-element elementor-element-315b939 elementor-widget__width-initial elementor-widget elementor-widget-google_maps\" data-id=\"315b939\" data-element_type=\"widget\" data-e-type=\"widget\" data-widget_type=\"google_maps.default\">\n\t\t\t\t<div class=\"elementor-widget-container\">\n\t\t\t\t\t\t\t<div class=\"elementor-custom-embed\">\n\t\t\t<iframe loading=\"lazy\"\n\t\t\t\t\tsrc=\"https:\/\/maps.google.com\/maps?q=41%20Faubourg%20Reyre%2013430%20Eygui%C3%A8res&#038;t=m&#038;z=16&#038;output=embed&#038;iwloc=near\"\n\t\t\t\t\ttitle=\"41 Faubourg Reyre 13430 Eygui\u00e8res\"\n\t\t\t\t\taria-label=\"41 Faubourg Reyre 13430 Eygui\u00e8res\"\n\t\t\t><\/iframe>\n\t\t<\/div>\n\t\t\t\t\t\t<\/div>\n\t\t\t\t<\/div>\n\t\t\t\t\t<\/div>\n\t\t<\/div>\n\t\t\t\t\t<\/div>\n\t\t<\/section>\n\t\t\t\t<\/div>\n\t\t","protected":false},"excerpt":{"rendered":"<p>Venez me rencontrer directement \u00e0 mon atelier-boutique situ\u00e9 en plein c\u0153ur du village d&rsquo;Eygui\u00e8res, au pied des Alpilles. C&rsquo;est avec plaisir que je vous montrerai. mon espace de travail ainsi qu&rsquo;une s\u00e9lection de pi\u00e8ces \u00e0 la vente. Je vous invite \u00e0 me contacter par mail ou par t\u00e9l\u00e9phone pour prendre rendez-vous. 41 Faubourg Reyre &#8211; [&hellip;]<\/p>\n","protected":false},"author":1,"featured_media":0,"parent":0,"menu_order":0,"comment_status":"closed","ping_status":"closed","template":"","meta":{"site-sidebar-layout":"no-sidebar","site-content-layout":"page-builder","ast-site-content-layout":"default","site-content-style":"default","site-sidebar-style":"default","ast-global-header-display":"","ast-banner-title-visibility":"","ast-main-header-display":"","ast-hfb-above-header-display":"","ast-hfb-below-header-display":"","ast-hfb-mobile-header-display":"","site-post-title":"disabled","ast-breadcrumbs-content":"","ast-featured-img":"disabled","footer-sml-layout":"","ast-disable-related-posts":"","theme-transparent-header-meta":"default","adv-header-id-meta":"","stick-header-meta":"","header-above-stick-meta":"","header-main-stick-meta":"","header-below-stick-meta":"","astra-migrate-meta-layouts":"default","ast-page-background-enabled":"default","ast-page-background-meta":{"desktop":{"background-color":"var(--ast-global-color-4)","background-image":"","background-repeat":"repeat","background-position":"center center","background-size":"auto","background-attachment":"scroll","background-type":"","background-media":"","overlay-type":"","overlay-color":"","overlay-opacity":"","overlay-gradient":""},"tablet":{"background-color":"","background-image":"","background-repeat":"repeat","background-position":"center center","background-size":"auto","background-attachment":"scroll","background-type":"","background-media":"","overlay-type":"","overlay-color":"","overlay-opacity":"","overlay-gradient":""},"mobile":{"background-color":"","background-image":"","background-repeat":"repeat","background-position":"center center","background-size":"auto","background-attachment":"scroll","background-type":"","background-media":"","overlay-type":"","overlay-color":"","overlay-opacity":"","overlay-gradient":""}},"ast-content-background-meta":{"desktop":{"background-color":"var(--ast-global-color-5)","background-image":"","background-repeat":"repeat","background-position":"center center","background-size":"auto","background-attachment":"scroll","background-type":"","background-media":"","overlay-type":"","overlay-color":"","overlay-opacity":"","overlay-gradient":""},"tablet":{"background-color":"var(--ast-global-color-5)","background-image":"","background-repeat":"repeat","background-position":"center center","background-size":"auto","background-attachment":"scroll","background-type":"","background-media":"","overlay-type":"","overlay-color":"","overlay-opacity":"","overlay-gradient":""},"mobile":{"background-color":"var(--ast-global-color-5)","background-image":"","background-repeat":"repeat","background-position":"center center","background-size":"auto","background-attachment":"scroll","background-type":"","background-media":"","overlay-type":"","overlay-color":"","overlay-opacity":"","overlay-gradient":""}},"footnotes":""},"class_list":["post-109","page","type-page","status-publish","hentry"],"yoast_head":"<!-- This site is optimized with the Yoast SEO plugin v27.3 - https:\/\/yoast.com\/product\/yoast-seo-wordpress\/ -->\n<title>L&#039;atelier-boutique - Florence Lucchini C\u00e9ramique<\/title>\n<meta name=\"robots\" content=\"index, follow, max-snippet:-1, max-image-preview:large, max-video-preview:-1\" \/>\n<link rel=\"canonical\" href=\"https:\/\/florencelucchini.com\/index.php\/contact\/\" \/>\n<meta property=\"og:locale\" content=\"fr_FR\" \/>\n<meta property=\"og:type\" content=\"article\" \/>\n<meta property=\"og:title\" content=\"L&#039;atelier-boutique - Florence Lucchini C\u00e9ramique\" \/>\n<meta property=\"og:description\" content=\"Venez me rencontrer directement \u00e0 mon atelier-boutique situ\u00e9 en plein c\u0153ur du village d&rsquo;Eygui\u00e8res, au pied des Alpilles. C&rsquo;est avec plaisir que je vous montrerai. mon espace de travail ainsi qu&rsquo;une s\u00e9lection de pi\u00e8ces \u00e0 la vente. Je vous invite \u00e0 me contacter par mail ou par t\u00e9l\u00e9phone pour prendre rendez-vous. 41 Faubourg Reyre &#8211; [&hellip;]\" \/>\n<meta property=\"og:url\" content=\"https:\/\/florencelucchini.com\/index.php\/contact\/\" \/>\n<meta property=\"og:site_name\" content=\"Florence Lucchini C\u00e9ramique\" \/>\n<meta property=\"article:modified_time\" content=\"2026-01-29T21:28:06+00:00\" \/>\n<meta property=\"og:image\" content=\"https:\/\/florencelucchini.com\/wp-content\/uploads\/2020\/11\/logo_web.gif\" \/>\n\t<meta property=\"og:image:width\" content=\"250\" \/>\n\t<meta property=\"og:image:height\" content=\"119\" \/>\n\t<meta property=\"og:image:type\" content=\"image\/gif\" \/>\n<meta name=\"twitter:card\" content=\"summary_large_image\" \/>\n<meta name=\"twitter:label1\" content=\"Dur\u00e9e de lecture estim\u00e9e\" \/>\n\t<meta name=\"twitter:data1\" content=\"1 minute\" \/>\n<script type=\"application\/ld+json\" class=\"yoast-schema-graph\">{\"@context\":\"https:\\\/\\\/schema.org\",\"@graph\":[{\"@type\":\"WebPage\",\"@id\":\"https:\\\/\\\/florencelucchini.com\\\/index.php\\\/contact\\\/\",\"url\":\"https:\\\/\\\/florencelucchini.com\\\/index.php\\\/contact\\\/\",\"name\":\"L'atelier-boutique - Florence Lucchini C\u00e9ramique\",\"isPartOf\":{\"@id\":\"https:\\\/\\\/florencelucchini.com\\\/#website\"},\"primaryImageOfPage\":{\"@id\":\"https:\\\/\\\/florencelucchini.com\\\/index.php\\\/contact\\\/#primaryimage\"},\"image\":{\"@id\":\"https:\\\/\\\/florencelucchini.com\\\/index.php\\\/contact\\\/#primaryimage\"},\"thumbnailUrl\":\"https:\\\/\\\/florencelucchini.com\\\/wp-content\\\/uploads\\\/2020\\\/11\\\/logo_web.gif\",\"datePublished\":\"2017-12-13T08:38:46+00:00\",\"dateModified\":\"2026-01-29T21:28:06+00:00\",\"breadcrumb\":{\"@id\":\"https:\\\/\\\/florencelucchini.com\\\/index.php\\\/contact\\\/#breadcrumb\"},\"inLanguage\":\"fr-FR\",\"potentialAction\":[{\"@type\":\"ReadAction\",\"target\":[\"https:\\\/\\\/florencelucchini.com\\\/index.php\\\/contact\\\/\"]}]},{\"@type\":\"ImageObject\",\"inLanguage\":\"fr-FR\",\"@id\":\"https:\\\/\\\/florencelucchini.com\\\/index.php\\\/contact\\\/#primaryimage\",\"url\":\"https:\\\/\\\/florencelucchini.com\\\/wp-content\\\/uploads\\\/2020\\\/11\\\/logo_web.gif\",\"contentUrl\":\"https:\\\/\\\/florencelucchini.com\\\/wp-content\\\/uploads\\\/2020\\\/11\\\/logo_web.gif\",\"width\":250,\"height\":119},{\"@type\":\"BreadcrumbList\",\"@id\":\"https:\\\/\\\/florencelucchini.com\\\/index.php\\\/contact\\\/#breadcrumb\",\"itemListElement\":[{\"@type\":\"ListItem\",\"position\":1,\"name\":\"Accueil\",\"item\":\"https:\\\/\\\/florencelucchini.com\\\/\"},{\"@type\":\"ListItem\",\"position\":2,\"name\":\"L&rsquo;atelier-boutique\"}]},{\"@type\":\"WebSite\",\"@id\":\"https:\\\/\\\/florencelucchini.com\\\/#website\",\"url\":\"https:\\\/\\\/florencelucchini.com\\\/\",\"name\":\"Florence Lucchini C\u00e9ramique\",\"description\":\"\",\"potentialAction\":[{\"@type\":\"SearchAction\",\"target\":{\"@type\":\"EntryPoint\",\"urlTemplate\":\"https:\\\/\\\/florencelucchini.com\\\/?s={search_term_string}\"},\"query-input\":{\"@type\":\"PropertyValueSpecification\",\"valueRequired\":true,\"valueName\":\"search_term_string\"}}],\"inLanguage\":\"fr-FR\"}]}<\/script>\n<!-- \/ Yoast SEO plugin. -->","yoast_head_json":{"title":"L'atelier-boutique - Florence Lucchini C\u00e9ramique","robots":{"index":"index","follow":"follow","max-snippet":"max-snippet:-1","max-image-preview":"max-image-preview:large","max-video-preview":"max-video-preview:-1"},"canonical":"https:\/\/florencelucchini.com\/index.php\/contact\/","og_locale":"fr_FR","og_type":"article","og_title":"L'atelier-boutique - Florence Lucchini C\u00e9ramique","og_description":"Venez me rencontrer directement \u00e0 mon atelier-boutique situ\u00e9 en plein c\u0153ur du village d&rsquo;Eygui\u00e8res, au pied des Alpilles. C&rsquo;est avec plaisir que je vous montrerai. mon espace de travail ainsi qu&rsquo;une s\u00e9lection de pi\u00e8ces \u00e0 la vente. Je vous invite \u00e0 me contacter par mail ou par t\u00e9l\u00e9phone pour prendre rendez-vous. 41 Faubourg Reyre &#8211; [&hellip;]","og_url":"https:\/\/florencelucchini.com\/index.php\/contact\/","og_site_name":"Florence Lucchini C\u00e9ramique","article_modified_time":"2026-01-29T21:28:06+00:00","og_image":[{"width":250,"height":119,"url":"https:\/\/florencelucchini.com\/wp-content\/uploads\/2020\/11\/logo_web.gif","type":"image\/gif"}],"twitter_card":"summary_large_image","twitter_misc":{"Dur\u00e9e de lecture estim\u00e9e":"1 minute"},"schema":{"@context":"https:\/\/schema.org","@graph":[{"@type":"WebPage","@id":"https:\/\/florencelucchini.com\/index.php\/contact\/","url":"https:\/\/florencelucchini.com\/index.php\/contact\/","name":"L'atelier-boutique - Florence Lucchini C\u00e9ramique","isPartOf":{"@id":"https:\/\/florencelucchini.com\/#website"},"primaryImageOfPage":{"@id":"https:\/\/florencelucchini.com\/index.php\/contact\/#primaryimage"},"image":{"@id":"https:\/\/florencelucchini.com\/index.php\/contact\/#primaryimage"},"thumbnailUrl":"https:\/\/florencelucchini.com\/wp-content\/uploads\/2020\/11\/logo_web.gif","datePublished":"2017-12-13T08:38:46+00:00","dateModified":"2026-01-29T21:28:06+00:00","breadcrumb":{"@id":"https:\/\/florencelucchini.com\/index.php\/contact\/#breadcrumb"},"inLanguage":"fr-FR","potentialAction":[{"@type":"ReadAction","target":["https:\/\/florencelucchini.com\/index.php\/contact\/"]}]},{"@type":"ImageObject","inLanguage":"fr-FR","@id":"https:\/\/florencelucchini.com\/index.php\/contact\/#primaryimage","url":"https:\/\/florencelucchini.com\/wp-content\/uploads\/2020\/11\/logo_web.gif","contentUrl":"https:\/\/florencelucchini.com\/wp-content\/uploads\/2020\/11\/logo_web.gif","width":250,"height":119},{"@type":"BreadcrumbList","@id":"https:\/\/florencelucchini.com\/index.php\/contact\/#breadcrumb","itemListElement":[{"@type":"ListItem","position":1,"name":"Accueil","item":"https:\/\/florencelucchini.com\/"},{"@type":"ListItem","position":2,"name":"L&rsquo;atelier-boutique"}]},{"@type":"WebSite","@id":"https:\/\/florencelucchini.com\/#website","url":"https:\/\/florencelucchini.com\/","name":"Florence Lucchini C\u00e9ramique","description":"","potentialAction":[{"@type":"SearchAction","target":{"@type":"EntryPoint","urlTemplate":"https:\/\/florencelucchini.com\/?s={search_term_string}"},"query-input":{"@type":"PropertyValueSpecification","valueRequired":true,"valueName":"search_term_string"}}],"inLanguage":"fr-FR"}]}},"_links":{"self":[{"href":"https:\/\/florencelucchini.com\/index.php\/wp-json\/wp\/v2\/pages\/109","targetHints":{"allow":["GET"]}}],"collection":[{"href":"https:\/\/florencelucchini.com\/index.php\/wp-json\/wp\/v2\/pages"}],"about":[{"href":"https:\/\/florencelucchini.com\/index.php\/wp-json\/wp\/v2\/types\/page"}],"author":[{"embeddable":true,"href":"https:\/\/florencelucchini.com\/index.php\/wp-json\/wp\/v2\/users\/1"}],"replies":[{"embeddable":true,"href":"https:\/\/florencelucchini.com\/index.php\/wp-json\/wp\/v2\/comments?post=109"}],"version-history":[{"count":70,"href":"https:\/\/florencelucchini.com\/index.php\/wp-json\/wp\/v2\/pages\/109\/revisions"}],"predecessor-version":[{"id":1534,"href":"https:\/\/florencelucchini.com\/index.php\/wp-json\/wp\/v2\/pages\/109\/revisions\/1534"}],"wp:attachment":[{"href":"https:\/\/florencelucchini.com\/index.php\/wp-json\/wp\/v2\/media?parent=109"}],"curies":[{"name":"wp","href":"https:\/\/api.w.org\/{rel}","templated":true}]}}