{"id":709,"date":"2020-11-13T11:57:00","date_gmt":"2020-11-13T10:57:00","guid":{"rendered":"http:\/\/florencelucchini.com\/?page_id=709"},"modified":"2026-01-29T22:34:08","modified_gmt":"2026-01-29T21:34:08","slug":"cours-stage","status":"publish","type":"page","link":"https:\/\/florencelucchini.com\/index.php\/cours-stage\/","title":{"rendered":"Cours"},"content":{"rendered":"\t\t<div data-elementor-type=\"wp-post\" data-elementor-id=\"709\" class=\"elementor elementor-709\">\n\t\t\t\t\t\t<section class=\"elementor-section elementor-top-section elementor-element elementor-element-73b585a elementor-section-boxed elementor-section-height-default elementor-section-height-default\" data-id=\"73b585a\" data-element_type=\"section\" data-e-type=\"section\">\n\t\t\t\t\t\t<div class=\"elementor-container elementor-column-gap-default\">\n\t\t\t\t\t<div class=\"elementor-column elementor-col-100 elementor-top-column elementor-element elementor-element-ff81feb\" data-id=\"ff81feb\" data-element_type=\"column\" data-e-type=\"column\">\n\t\t\t<div class=\"elementor-widget-wrap elementor-element-populated\">\n\t\t\t\t\t\t<div class=\"elementor-element elementor-element-77c48bf elementor-widget elementor-widget-spacer\" data-id=\"77c48bf\" data-element_type=\"widget\" data-e-type=\"widget\" data-widget_type=\"spacer.default\">\n\t\t\t\t<div class=\"elementor-widget-container\">\n\t\t\t\t\t\t\t<div class=\"elementor-spacer\">\n\t\t\t<div class=\"elementor-spacer-inner\"><\/div>\n\t\t<\/div>\n\t\t\t\t\t\t<\/div>\n\t\t\t\t<\/div>\n\t\t\t\t\t<\/div>\n\t\t<\/div>\n\t\t\t\t\t<\/div>\n\t\t<\/section>\n\t\t\t\t<section class=\"elementor-section elementor-top-section elementor-element elementor-element-4ba4ef3 elementor-section-boxed elementor-section-height-default elementor-section-height-default\" data-id=\"4ba4ef3\" data-element_type=\"section\" data-e-type=\"section\" data-settings=\"{&quot;background_background&quot;:&quot;classic&quot;}\">\n\t\t\t\t\t\t<div class=\"elementor-container elementor-column-gap-default\">\n\t\t\t\t\t<div class=\"elementor-column elementor-col-33 elementor-top-column elementor-element elementor-element-d5e3c53\" data-id=\"d5e3c53\" data-element_type=\"column\" data-e-type=\"column\">\n\t\t\t<div class=\"elementor-widget-wrap elementor-element-populated\">\n\t\t\t\t\t\t<div class=\"elementor-element elementor-element-451f75c elementor-widget elementor-widget-image\" data-id=\"451f75c\" data-element_type=\"widget\" data-e-type=\"widget\" data-widget_type=\"image.default\">\n\t\t\t\t<div class=\"elementor-widget-container\">\n\t\t\t\t\t\t\t\t\t\t\t\t\t\t\t<img decoding=\"async\" src=\"https:\/\/florencelucchini.com\/wp-content\/uploads\/2020\/11\/main_terre-1-e1605272916488.gif\" title=\"\" alt=\"\" loading=\"lazy\" \/>\t\t\t\t\t\t\t\t\t\t\t\t\t\t\t<\/div>\n\t\t\t\t<\/div>\n\t\t\t\t\t<\/div>\n\t\t<\/div>\n\t\t\t\t<div class=\"elementor-column elementor-col-33 elementor-top-column elementor-element elementor-element-6277f1e\" data-id=\"6277f1e\" data-element_type=\"column\" data-e-type=\"column\">\n\t\t\t<div class=\"elementor-widget-wrap elementor-element-populated\">\n\t\t\t\t\t\t<div class=\"elementor-element elementor-element-53ec39c elementor-widget elementor-widget-image\" data-id=\"53ec39c\" data-element_type=\"widget\" data-e-type=\"widget\" data-widget_type=\"image.default\">\n\t\t\t\t<div class=\"elementor-widget-container\">\n\t\t\t\t\t\t\t\t\t\t\t\t\t\t\t<img fetchpriority=\"high\" decoding=\"async\" width=\"667\" height=\"667\" src=\"https:\/\/florencelucchini.com\/wp-content\/uploads\/2020\/11\/pinceaux-e1605272601765.gif\" class=\"attachment-medium_large size-medium_large wp-image-62\" alt=\"\" \/>\t\t\t\t\t\t\t\t\t\t\t\t\t\t\t<\/div>\n\t\t\t\t<\/div>\n\t\t\t\t\t<\/div>\n\t\t<\/div>\n\t\t\t\t<div class=\"elementor-column elementor-col-33 elementor-top-column elementor-element elementor-element-46b327b\" data-id=\"46b327b\" data-element_type=\"column\" data-e-type=\"column\">\n\t\t\t<div class=\"elementor-widget-wrap elementor-element-populated\">\n\t\t\t\t\t\t<div class=\"elementor-element elementor-element-4a8380e elementor-widget elementor-widget-image\" data-id=\"4a8380e\" data-element_type=\"widget\" data-e-type=\"widget\" data-widget_type=\"image.default\">\n\t\t\t\t<div class=\"elementor-widget-container\">\n\t\t\t\t\t\t\t\t\t\t\t\t\t\t\t<img decoding=\"async\" src=\"https:\/\/florencelucchini.com\/wp-content\/uploads\/2020\/11\/tournage-1-e1605273039560.gif\" title=\"\" alt=\"\" loading=\"lazy\" \/>\t\t\t\t\t\t\t\t\t\t\t\t\t\t\t<\/div>\n\t\t\t\t<\/div>\n\t\t\t\t\t<\/div>\n\t\t<\/div>\n\t\t\t\t\t<\/div>\n\t\t<\/section>\n\t\t\t\t<section class=\"elementor-section elementor-top-section elementor-element elementor-element-cd9d874 elementor-section-boxed elementor-section-height-default elementor-section-height-default\" data-id=\"cd9d874\" data-element_type=\"section\" data-e-type=\"section\" data-settings=\"{&quot;background_background&quot;:&quot;gradient&quot;}\">\n\t\t\t\t\t\t<div class=\"elementor-container elementor-column-gap-default\">\n\t\t\t\t\t<div class=\"elementor-column elementor-col-100 elementor-top-column elementor-element elementor-element-903b3ba\" data-id=\"903b3ba\" data-element_type=\"column\" data-e-type=\"column\">\n\t\t\t<div class=\"elementor-widget-wrap elementor-element-populated\">\n\t\t\t\t\t\t<section class=\"elementor-section elementor-inner-section elementor-element elementor-element-8fcf17a elementor-section-boxed elementor-section-height-default elementor-section-height-default\" data-id=\"8fcf17a\" data-element_type=\"section\" data-e-type=\"section\">\n\t\t\t\t\t\t<div class=\"elementor-container elementor-column-gap-narrow\">\n\t\t\t\t\t<div class=\"elementor-column elementor-col-100 elementor-inner-column elementor-element elementor-element-6dfcad0\" data-id=\"6dfcad0\" data-element_type=\"column\" data-e-type=\"column\">\n\t\t\t<div class=\"elementor-widget-wrap elementor-element-populated\">\n\t\t\t\t\t\t<div class=\"elementor-element elementor-element-49be349 elementor-widget elementor-widget-heading\" data-id=\"49be349\" data-element_type=\"widget\" data-e-type=\"widget\" data-widget_type=\"heading.default\">\n\t\t\t\t<div class=\"elementor-widget-container\">\n\t\t\t\t\t<h1 class=\"elementor-heading-title elementor-size-large\">Cours<\/h1>\t\t\t\t<\/div>\n\t\t\t\t<\/div>\n\t\t\t\t<div class=\"elementor-element elementor-element-cb5875a elementor-widget elementor-widget-heading\" data-id=\"cb5875a\" data-element_type=\"widget\" data-e-type=\"widget\" data-widget_type=\"heading.default\">\n\t\t\t\t<div class=\"elementor-widget-container\">\n\t\t\t\t\t<span class=\"elementor-heading-title elementor-size-medium\">Modelage \/Fa\u00e7onnage<\/span>\t\t\t\t<\/div>\n\t\t\t\t<\/div>\n\t\t\t\t<div class=\"elementor-element elementor-element-d8ce91c elementor-widget elementor-widget-text-editor\" data-id=\"d8ce91c\" data-element_type=\"widget\" data-e-type=\"widget\" data-widget_type=\"text-editor.default\">\n\t\t\t\t<div class=\"elementor-widget-container\">\n\t\t\t\t\t\t\t\t\t<p>D\u00e9butants ou confirm\u00e9s, je vous propose un accompagnement personnalis\u00e9 dans le cadre de cours hebdomadaires accueillant 4 personnes maximum.&nbsp;<br><span style=\"background-color: transparent; font-size: 15px;\">Apr\u00e8s avoir abord\u00e9 les diff\u00e9rentes techniques de fa\u00e7onnage (colombins, plaque, estampage, bol dans la masse&#8230;), de d\u00e9cor \u00e0 l&rsquo;engobe ou \u00e0 l&rsquo;\u00e9mail, je vous guiderais dans la r\u00e9alisation de projet individuel.<\/span><\/p>\n<p><span style=\"font-size: 15px; background-color: transparent;\"><strong>Cours adultes<\/strong><br><\/span><span style=\"font-size: 15px; font-style: normal; font-weight: 400;\">Mercredi de 18h30 \u00e0 21h<br>Jeudi de 17h \u00e0 19h30<br><\/span><span style=\"font-size: 15px; font-style: normal; font-weight: 400; background-color: transparent;\">Samedi de 9h30 \u00e0 12h<\/span><\/p>\n<p><em><span style=\"font-size: 15px; background-color: transparent;\">Tarif : engagement au trimestre : 390 euros (incluant la terre, les outils et la cuisson des pi\u00e8ces)<\/span><\/em><\/p>\t\t\t\t\t\t\t\t<\/div>\n\t\t\t\t<\/div>\n\t\t\t\t<div class=\"elementor-element elementor-element-f9d2b87 elementor-widget elementor-widget-heading\" data-id=\"f9d2b87\" data-element_type=\"widget\" data-e-type=\"widget\" data-widget_type=\"heading.default\">\n\t\t\t\t<div class=\"elementor-widget-container\">\n\t\t\t\t\t<span class=\"elementor-heading-title elementor-size-medium\">Tournage<\/span>\t\t\t\t<\/div>\n\t\t\t\t<\/div>\n\t\t\t\t<div class=\"elementor-element elementor-element-448cd6a elementor-widget elementor-widget-text-editor\" data-id=\"448cd6a\" data-element_type=\"widget\" data-e-type=\"widget\" data-widget_type=\"text-editor.default\">\n\t\t\t\t<div class=\"elementor-widget-container\">\n\t\t\t\t\t\t\t\t\t<p><b style=\"font-style: normal;\">Cours individuel de d\u00e9couverte et\/ou de perfectionnement au tournage.<\/b>\u00a0<br \/><span style=\"font-style: normal; font-size: 15px; font-weight: 400; background-color: transparent;\">Il s&rsquo;agit d&rsquo;une approche sensitive ax\u00e9e sur la d\u00e9couverte de la mati\u00e8re et de l&rsquo;usage du tour. Les gestes de bases seront abord\u00e9s, et je vous accompagnerais dans la r\u00e9alisation d&rsquo;une ou deux pi\u00e8ces de petites formes.\u00a0 <\/span><span style=\"font-size: 15px; font-weight: 400; background-color: transparent;\">Une pi\u00e8ce pourra \u00eatre conserv\u00e9e \u00e0 l&rsquo;issu de la s\u00e9ance, cuite et \u00e9maill\u00e9e par mes soins.<br \/><\/span><em style=\"font-size: 15px; font-weight: 400; background-color: transparent;\">Tarif : 70 euros. Dur\u00e9e 2h30.\u00a0<\/em><em style=\"font-size: 15px; font-weight: 400; background-color: transparent;\">Les disponibilit\u00e9s jour\/horaire sont \u00e0 d\u00e9terminer ensemble.<\/em><\/p><p><em style=\"font-size: 15px; font-weight: 400; background-color: transparent;\">\u00a0<\/em><\/p>\t\t\t\t\t\t\t\t<\/div>\n\t\t\t\t<\/div>\n\t\t\t\t\t<\/div>\n\t\t<\/div>\n\t\t\t\t\t<\/div>\n\t\t<\/section>\n\t\t\t\t<div class=\"elementor-element elementor-element-69e25e1 elementor-widget elementor-widget-heading\" data-id=\"69e25e1\" data-element_type=\"widget\" data-e-type=\"widget\" data-widget_type=\"heading.default\">\n\t\t\t\t<div class=\"elementor-widget-container\">\n\t\t\t\t\t<h1 class=\"elementor-heading-title elementor-size-large\">Stages<\/h1>\t\t\t\t<\/div>\n\t\t\t\t<\/div>\n\t\t\t\t<div class=\"elementor-element elementor-element-1899e3b elementor-invisible elementor-widget elementor-widget-text-editor\" data-id=\"1899e3b\" data-element_type=\"widget\" data-e-type=\"widget\" data-settings=\"{&quot;_animation&quot;:&quot;fadeIn&quot;}\" data-widget_type=\"text-editor.default\">\n\t\t\t\t<div class=\"elementor-widget-container\">\n\t\t\t\t\t\t\t\t\t<p style=\"font-size: 15px; text-align: center;\"><span style=\"background-color: transparent; color: rgb(var(--color_15)); font-size: 15px; font-style: normal; font-weight: 400;\"><strong>Stages de tournage &#8211; 3 personnes maximum<\/strong><br>Pour d\u00e9butants ou confirm\u00e9s, les stages se d\u00e9roulent sur un week-end<br><\/span><span style=\"background-color: transparent; color: rgb(var(--color_15)); font-size: 15px; font-style: normal; font-weight: 400;\">Samedi de 14h30 \u00e0 17h30 et dimanche de 9h30 \u00e0 12h30<br><\/span><i style=\"font-weight: inherit; background-color: transparent; color: rgb(var(--color_15));\"><span style=\"font-style: normal;\">Tarif : 180 euros (terre et cuisson comprises)<\/span><\/i><\/p>\n<p style=\"font-size: 15px; text-align: center;\"><span style=\"font-size: 15px; font-style: normal; background-color: transparent; font-weight: bold;\">Dates : A venir<\/span><\/p>\n<p style=\"font-size: 15px; font-style: normal; font-weight: 400; text-align: center;\"><span style=\"font-size: 15px; font-style: normal; font-weight: 400; background-color: transparent; color: rgb(var(--color_15));\"><span style=\"font-size: 15px; font-weight: bold;\">Stages de fa\u00e7onnage \u00e0 la main &#8211; 5 personnes maximum<\/span><br>Pour d\u00e9butants ou confirm\u00e9s, les stages se d\u00e9roulent sur un week-end<br><\/span><span style=\"font-size: 15px; font-style: normal; font-weight: 400; background-color: transparent; color: rgb(var(--color_15));\">Samedi de 14h30 \u00e0 17h30 et dimanche de 9h30 \u00e0 12h30<br><\/span><i style=\"font-weight: inherit; background-color: transparent; color: rgb(var(--color_15));\"><span style=\"font-size: 15px; font-style: normal;\">Tarif : 180 euros (terre et cuisson comprises)<\/span><\/i><\/p>\n<p style=\"font-size: 15px; font-style: normal; font-weight: 400; text-align: center;\"><span style=\"font-size: 15px; font-style: normal; font-weight: bold; background-color: transparent;\">Dates : A venir<\/span><\/p>\t\t\t\t\t\t\t\t<\/div>\n\t\t\t\t<\/div>\n\t\t\t\t\t<\/div>\n\t\t<\/div>\n\t\t\t\t\t<\/div>\n\t\t<\/section>\n\t\t\t\t<section class=\"elementor-section elementor-top-section elementor-element elementor-element-69db4bd elementor-section-boxed elementor-section-height-default elementor-section-height-default\" data-id=\"69db4bd\" data-element_type=\"section\" data-e-type=\"section\" data-settings=\"{&quot;background_background&quot;:&quot;classic&quot;}\">\n\t\t\t\t\t\t<div class=\"elementor-container elementor-column-gap-default\">\n\t\t\t\t\t<div class=\"elementor-column elementor-col-100 elementor-top-column elementor-element elementor-element-bfda293\" data-id=\"bfda293\" data-element_type=\"column\" data-e-type=\"column\">\n\t\t\t<div class=\"elementor-widget-wrap elementor-element-populated\">\n\t\t\t\t\t\t<section class=\"elementor-section elementor-inner-section elementor-element elementor-element-02fb60c elementor-section-boxed elementor-section-height-default elementor-section-height-default\" data-id=\"02fb60c\" data-element_type=\"section\" data-e-type=\"section\" data-settings=\"{&quot;background_background&quot;:&quot;classic&quot;}\">\n\t\t\t\t\t\t<div class=\"elementor-container elementor-column-gap-narrow\">\n\t\t\t\t\t<div class=\"elementor-column elementor-col-100 elementor-inner-column elementor-element elementor-element-15726d6\" data-id=\"15726d6\" data-element_type=\"column\" data-e-type=\"column\">\n\t\t\t<div class=\"elementor-widget-wrap elementor-element-populated\">\n\t\t\t\t\t\t<div class=\"elementor-element elementor-element-17eefa0 elementor-widget elementor-widget-heading\" data-id=\"17eefa0\" data-element_type=\"widget\" data-e-type=\"widget\" data-widget_type=\"heading.default\">\n\t\t\t\t<div class=\"elementor-widget-container\">\n\t\t\t\t\t<h1 class=\"elementor-heading-title elementor-size-large\">Groupe<\/h1>\t\t\t\t<\/div>\n\t\t\t\t<\/div>\n\t\t\t\t<div class=\"elementor-element elementor-element-6620a6c elementor-widget elementor-widget-text-editor\" data-id=\"6620a6c\" data-element_type=\"widget\" data-e-type=\"widget\" data-widget_type=\"text-editor.default\">\n\t\t\t\t<div class=\"elementor-widget-container\">\n\t\t\t\t\t\t\t\t\t<p><span style=\"color: #000000;\">Il est possible de privatiser l&rsquo;atelier pour des s\u00e9ances de groupes. N&rsquo;h\u00e9sitez pas \u00e0 <a style=\"color: #000000;\" href=\"https:\/\/florencelucchini.com\/index.php\/contact-2\/\"><span style=\"color: #ffffff;\">me contacter<\/span><\/a> pour \u00e9tudier toutes demandes personnalis\u00e9es.<\/span><\/p>\t\t\t\t\t\t\t\t<\/div>\n\t\t\t\t<\/div>\n\t\t\t\t\t<\/div>\n\t\t<\/div>\n\t\t\t\t\t<\/div>\n\t\t<\/section>\n\t\t\t\t\t<\/div>\n\t\t<\/div>\n\t\t\t\t\t<\/div>\n\t\t<\/section>\n\t\t\t\t<\/div>\n\t\t","protected":false},"excerpt":{"rendered":"<p>Curabitur arcu erat, accumsan id imperdiet et, porttitor at sem. About Me Cras ultricies ligula sed magna dictum porta. Quisque velit nisi, pretium ut lacinia in, elementum id enim. Donec rutrum congue leo eget malesuada. Cras ultricies ligula sed magna dictum porta.\u00a0 Mauris blandit aliquet elit, eget tincidunt nibh pulvinar a. Donec sollicitudin molestie malesuada. &hellip;<\/p>\n<p class=\"read-more\"> <a class=\"\" href=\"https:\/\/websitedemos.net\/artist-02\/about-me\/\"> <span class=\"screen-reader-text\">About Me<\/span> Read More &raquo;<\/a><\/p>\n","protected":false},"author":1,"featured_media":0,"parent":0,"menu_order":0,"comment_status":"closed","ping_status":"closed","template":"elementor_header_footer","meta":{"site-sidebar-layout":"no-sidebar","site-content-layout":"page-builder","ast-site-content-layout":"default","site-content-style":"default","site-sidebar-style":"default","ast-global-header-display":"","ast-banner-title-visibility":"","ast-main-header-display":"","ast-hfb-above-header-display":"","ast-hfb-below-header-display":"","ast-hfb-mobile-header-display":"","site-post-title":"","ast-breadcrumbs-content":"","ast-featured-img":"disabled","footer-sml-layout":"","ast-disable-related-posts":"","theme-transparent-header-meta":"default","adv-header-id-meta":"","stick-header-meta":"","header-above-stick-meta":"","header-main-stick-meta":"","header-below-stick-meta":"","astra-migrate-meta-layouts":"default","ast-page-background-enabled":"default","ast-page-background-meta":{"desktop":{"background-color":"var(--ast-global-color-4)","background-image":"","background-repeat":"repeat","background-position":"center center","background-size":"auto","background-attachment":"scroll","background-type":"","background-media":"","overlay-type":"","overlay-color":"","overlay-opacity":"","overlay-gradient":""},"tablet":{"background-color":"","background-image":"","background-repeat":"repeat","background-position":"center center","background-size":"auto","background-attachment":"scroll","background-type":"","background-media":"","overlay-type":"","overlay-color":"","overlay-opacity":"","overlay-gradient":""},"mobile":{"background-color":"","background-image":"","background-repeat":"repeat","background-position":"center center","background-size":"auto","background-attachment":"scroll","background-type":"","background-media":"","overlay-type":"","overlay-color":"","overlay-opacity":"","overlay-gradient":""}},"ast-content-background-meta":{"desktop":{"background-color":"var(--ast-global-color-5)","background-image":"","background-repeat":"repeat","background-position":"center center","background-size":"auto","background-attachment":"scroll","background-type":"","background-media":"","overlay-type":"","overlay-color":"","overlay-opacity":"","overlay-gradient":""},"tablet":{"background-color":"var(--ast-global-color-5)","background-image":"","background-repeat":"repeat","background-position":"center center","background-size":"auto","background-attachment":"scroll","background-type":"","background-media":"","overlay-type":"","overlay-color":"","overlay-opacity":"","overlay-gradient":""},"mobile":{"background-color":"var(--ast-global-color-5)","background-image":"","background-repeat":"repeat","background-position":"center center","background-size":"auto","background-attachment":"scroll","background-type":"","background-media":"","overlay-type":"","overlay-color":"","overlay-opacity":"","overlay-gradient":""}},"footnotes":""},"class_list":["post-709","page","type-page","status-publish","hentry"],"yoast_head":"<!-- This site is optimized with the Yoast SEO plugin v27.3 - https:\/\/yoast.com\/product\/yoast-seo-wordpress\/ -->\n<title>Cours - Florence Lucchini C\u00e9ramique<\/title>\n<meta name=\"robots\" content=\"index, follow, max-snippet:-1, max-image-preview:large, max-video-preview:-1\" \/>\n<link rel=\"canonical\" href=\"https:\/\/florencelucchini.com\/index.php\/cours-stage\/\" \/>\n<meta property=\"og:locale\" content=\"fr_FR\" \/>\n<meta property=\"og:type\" content=\"article\" \/>\n<meta property=\"og:title\" content=\"Cours - Florence Lucchini C\u00e9ramique\" \/>\n<meta property=\"og:description\" content=\"Curabitur arcu erat, accumsan id imperdiet et, porttitor at sem. About Me Cras ultricies ligula sed magna dictum porta. Quisque velit nisi, pretium ut lacinia in, elementum id enim. Donec rutrum congue leo eget malesuada. Cras ultricies ligula sed magna dictum porta.\u00a0 Mauris blandit aliquet elit, eget tincidunt nibh pulvinar a. Donec sollicitudin molestie malesuada. &hellip;  About Me Read More &raquo;\" \/>\n<meta property=\"og:url\" content=\"https:\/\/florencelucchini.com\/index.php\/cours-stage\/\" \/>\n<meta property=\"og:site_name\" content=\"Florence Lucchini C\u00e9ramique\" \/>\n<meta property=\"article:modified_time\" content=\"2026-01-29T21:34:08+00:00\" \/>\n<meta name=\"twitter:card\" content=\"summary_large_image\" \/>\n<meta name=\"twitter:label1\" content=\"Dur\u00e9e de lecture estim\u00e9e\" \/>\n\t<meta name=\"twitter:data1\" content=\"3 minutes\" \/>\n<script type=\"application\/ld+json\" class=\"yoast-schema-graph\">{\"@context\":\"https:\\\/\\\/schema.org\",\"@graph\":[{\"@type\":\"WebPage\",\"@id\":\"https:\\\/\\\/florencelucchini.com\\\/index.php\\\/cours-stage\\\/\",\"url\":\"https:\\\/\\\/florencelucchini.com\\\/index.php\\\/cours-stage\\\/\",\"name\":\"Cours - Florence Lucchini C\u00e9ramique\",\"isPartOf\":{\"@id\":\"https:\\\/\\\/florencelucchini.com\\\/#website\"},\"primaryImageOfPage\":{\"@id\":\"https:\\\/\\\/florencelucchini.com\\\/index.php\\\/cours-stage\\\/#primaryimage\"},\"image\":{\"@id\":\"https:\\\/\\\/florencelucchini.com\\\/index.php\\\/cours-stage\\\/#primaryimage\"},\"thumbnailUrl\":\"https:\\\/\\\/florencelucchini.com\\\/wp-content\\\/uploads\\\/2020\\\/11\\\/main_terre-1-e1605272916488.webp\",\"datePublished\":\"2020-11-13T10:57:00+00:00\",\"dateModified\":\"2026-01-29T21:34:08+00:00\",\"breadcrumb\":{\"@id\":\"https:\\\/\\\/florencelucchini.com\\\/index.php\\\/cours-stage\\\/#breadcrumb\"},\"inLanguage\":\"fr-FR\",\"potentialAction\":[{\"@type\":\"ReadAction\",\"target\":[\"https:\\\/\\\/florencelucchini.com\\\/index.php\\\/cours-stage\\\/\"]}]},{\"@type\":\"ImageObject\",\"inLanguage\":\"fr-FR\",\"@id\":\"https:\\\/\\\/florencelucchini.com\\\/index.php\\\/cours-stage\\\/#primaryimage\",\"url\":\"\",\"contentUrl\":\"\"},{\"@type\":\"BreadcrumbList\",\"@id\":\"https:\\\/\\\/florencelucchini.com\\\/index.php\\\/cours-stage\\\/#breadcrumb\",\"itemListElement\":[{\"@type\":\"ListItem\",\"position\":1,\"name\":\"Accueil\",\"item\":\"https:\\\/\\\/florencelucchini.com\\\/\"},{\"@type\":\"ListItem\",\"position\":2,\"name\":\"Cours\"}]},{\"@type\":\"WebSite\",\"@id\":\"https:\\\/\\\/florencelucchini.com\\\/#website\",\"url\":\"https:\\\/\\\/florencelucchini.com\\\/\",\"name\":\"Florence Lucchini C\u00e9ramique\",\"description\":\"\",\"potentialAction\":[{\"@type\":\"SearchAction\",\"target\":{\"@type\":\"EntryPoint\",\"urlTemplate\":\"https:\\\/\\\/florencelucchini.com\\\/?s={search_term_string}\"},\"query-input\":{\"@type\":\"PropertyValueSpecification\",\"valueRequired\":true,\"valueName\":\"search_term_string\"}}],\"inLanguage\":\"fr-FR\"}]}<\/script>\n<!-- \/ Yoast SEO plugin. -->","yoast_head_json":{"title":"Cours - Florence Lucchini C\u00e9ramique","robots":{"index":"index","follow":"follow","max-snippet":"max-snippet:-1","max-image-preview":"max-image-preview:large","max-video-preview":"max-video-preview:-1"},"canonical":"https:\/\/florencelucchini.com\/index.php\/cours-stage\/","og_locale":"fr_FR","og_type":"article","og_title":"Cours - Florence Lucchini C\u00e9ramique","og_description":"Curabitur arcu erat, accumsan id imperdiet et, porttitor at sem. About Me Cras ultricies ligula sed magna dictum porta. Quisque velit nisi, pretium ut lacinia in, elementum id enim. Donec rutrum congue leo eget malesuada. Cras ultricies ligula sed magna dictum porta.\u00a0 Mauris blandit aliquet elit, eget tincidunt nibh pulvinar a. Donec sollicitudin molestie malesuada. &hellip;  About Me Read More &raquo;","og_url":"https:\/\/florencelucchini.com\/index.php\/cours-stage\/","og_site_name":"Florence Lucchini C\u00e9ramique","article_modified_time":"2026-01-29T21:34:08+00:00","twitter_card":"summary_large_image","twitter_misc":{"Dur\u00e9e de lecture estim\u00e9e":"3 minutes"},"schema":{"@context":"https:\/\/schema.org","@graph":[{"@type":"WebPage","@id":"https:\/\/florencelucchini.com\/index.php\/cours-stage\/","url":"https:\/\/florencelucchini.com\/index.php\/cours-stage\/","name":"Cours - Florence Lucchini C\u00e9ramique","isPartOf":{"@id":"https:\/\/florencelucchini.com\/#website"},"primaryImageOfPage":{"@id":"https:\/\/florencelucchini.com\/index.php\/cours-stage\/#primaryimage"},"image":{"@id":"https:\/\/florencelucchini.com\/index.php\/cours-stage\/#primaryimage"},"thumbnailUrl":"https:\/\/florencelucchini.com\/wp-content\/uploads\/2020\/11\/main_terre-1-e1605272916488.webp","datePublished":"2020-11-13T10:57:00+00:00","dateModified":"2026-01-29T21:34:08+00:00","breadcrumb":{"@id":"https:\/\/florencelucchini.com\/index.php\/cours-stage\/#breadcrumb"},"inLanguage":"fr-FR","potentialAction":[{"@type":"ReadAction","target":["https:\/\/florencelucchini.com\/index.php\/cours-stage\/"]}]},{"@type":"ImageObject","inLanguage":"fr-FR","@id":"https:\/\/florencelucchini.com\/index.php\/cours-stage\/#primaryimage","url":"","contentUrl":""},{"@type":"BreadcrumbList","@id":"https:\/\/florencelucchini.com\/index.php\/cours-stage\/#breadcrumb","itemListElement":[{"@type":"ListItem","position":1,"name":"Accueil","item":"https:\/\/florencelucchini.com\/"},{"@type":"ListItem","position":2,"name":"Cours"}]},{"@type":"WebSite","@id":"https:\/\/florencelucchini.com\/#website","url":"https:\/\/florencelucchini.com\/","name":"Florence Lucchini C\u00e9ramique","description":"","potentialAction":[{"@type":"SearchAction","target":{"@type":"EntryPoint","urlTemplate":"https:\/\/florencelucchini.com\/?s={search_term_string}"},"query-input":{"@type":"PropertyValueSpecification","valueRequired":true,"valueName":"search_term_string"}}],"inLanguage":"fr-FR"}]}},"_links":{"self":[{"href":"https:\/\/florencelucchini.com\/index.php\/wp-json\/wp\/v2\/pages\/709","targetHints":{"allow":["GET"]}}],"collection":[{"href":"https:\/\/florencelucchini.com\/index.php\/wp-json\/wp\/v2\/pages"}],"about":[{"href":"https:\/\/florencelucchini.com\/index.php\/wp-json\/wp\/v2\/types\/page"}],"author":[{"embeddable":true,"href":"https:\/\/florencelucchini.com\/index.php\/wp-json\/wp\/v2\/users\/1"}],"replies":[{"embeddable":true,"href":"https:\/\/florencelucchini.com\/index.php\/wp-json\/wp\/v2\/comments?post=709"}],"version-history":[{"count":193,"href":"https:\/\/florencelucchini.com\/index.php\/wp-json\/wp\/v2\/pages\/709\/revisions"}],"predecessor-version":[{"id":1537,"href":"https:\/\/florencelucchini.com\/index.php\/wp-json\/wp\/v2\/pages\/709\/revisions\/1537"}],"wp:attachment":[{"href":"https:\/\/florencelucchini.com\/index.php\/wp-json\/wp\/v2\/media?parent=709"}],"curies":[{"name":"wp","href":"https:\/\/api.w.org\/{rel}","templated":true}]}}